{"id":3,"date":"2024-12-09T19:03:59","date_gmt":"2024-12-09T19:03:59","guid":{"rendered":"http:\/\/localhost\/wordpress\/?page_id=3"},"modified":"2025-03-18T20:07:49","modified_gmt":"2025-03-18T20:07:49","slug":"privacy-policy","status":"publish","type":"page","link":"https:\/\/www.bau-izol.cz\/?page_id=3","title":{"rendered":"Privacy Policy"},"content":{"rendered":"\t\t<div data-elementor-type=\"wp-page\" data-elementor-id=\"3\" class=\"elementor elementor-3\">\n\t\t\t\t<div class=\"elementor-element elementor-element-3ece171b e-flex e-con-boxed wpr-particle-no wpr-jarallax-no wpr-parallax-no wpr-sticky-section-no wpr-equal-height-no e-con e-parent\" data-id=\"3ece171b\" data-element_type=\"container\" data-e-type=\"container\">\n\t\t\t\t\t<div class=\"e-con-inner\">\n\t\t\t\t<div class=\"elementor-element elementor-element-3a95472 elementor-widget elementor-widget-text-editor\" data-id=\"3a95472\" data-element_type=\"widget\" data-e-type=\"widget\" data-widget_type=\"text-editor.default\">\n\t\t\t\t<div class=\"elementor-widget-container\">\n\t\t\t\t\t\t\t\t\t\n<p style=\"text-align: center;\">www.bau-izol.cz<\/p>\n<p style=\"text-align: center;\">Webov\u00e9 str\u00e1nky respektuj\u00ed soulad s evropskou sm\u011brnic\u00ed o GDPR\u00a0 \u00a0<\/p>\n<p>Koment\u00e1\u0159e<\/p>\n<ul>\n<li>Kdy\u017e n\u00e1v\u0161t\u011bvn\u00edci zanechaj\u00ed na webu koment\u00e1\u0159e, shroma\u017e\u010fujeme \u00fadaje zobrazen\u00e9 ve formul\u00e1\u0159i pro koment\u00e1\u0159e a tak\u00e9 IP adresu n\u00e1v\u0161t\u011bvn\u00edka a \u0159et\u011bzec u\u017eivatelsk\u00e9ho agenta prohl\u00ed\u017ee\u010de, abychom pomohli odhalit spam.<\/li>\n<li>Anonymizovan\u00fd \u0159et\u011bzec vytvo\u0159en\u00fd z va\u0161\u00ed e-mailov\u00e9 adresy (tak\u00e9 naz\u00fdvan\u00fd hash) m\u016f\u017ee b\u00fdt poskytnut slu\u017eb\u011b Gravatar, abyste zjistili, zda ji pou\u017e\u00edv\u00e1te. Z\u00e1sady ochrany osobn\u00edch \u00fadaj\u016f slu\u017eby Gravatar jsou k dispozici zde: https:\/\/automattic.com\/privacy\/. Po schv\u00e1len\u00ed va\u0161eho koment\u00e1\u0159e bude v\u00e1\u0161 profilov\u00fd obr\u00e1zek viditeln\u00fd pro ve\u0159ejnost v kontextu va\u0161eho koment\u00e1\u0159e.<\/li>\n<\/ul>\n<p>\u00a0<\/p>\n<p>M\u00e9dia<\/p>\n<ul>\n<li>Pokud na web nahr\u00e1v\u00e1te obr\u00e1zky, m\u011bli byste se vyhnout nahr\u00e1v\u00e1n\u00ed obr\u00e1zk\u016f s vlo\u017een\u00fdmi \u00fadaji o poloze (EXIF GPS). N\u00e1v\u0161t\u011bvn\u00edci webu si mohou st\u00e1hnout a extrahovat jak\u00e1koli data o poloze z obr\u00e1zk\u016f na webu.<\/li>\n<\/ul>\n<p>\u00a0<\/p>\n<p>Soubory cookie<\/p>\n<ul>\n<li>Pokud na na\u0161em webu zanech\u00e1te koment\u00e1\u0159, m\u016f\u017eete se p\u0159ihl\u00e1sit k ukl\u00e1d\u00e1n\u00ed sv\u00e9ho jm\u00e9na, e-mailov\u00e9 adresy a webu do soubor\u016f cookie. Jsou pro va\u0161e pohodl\u00ed, abyste nemuseli znovu vypl\u0148ovat sv\u00e9 \u00fadaje, kdy\u017e zanech\u00e1te dal\u0161\u00ed koment\u00e1\u0159. Tyto cookies vydr\u017e\u00ed jeden rok.<\/li>\n<li>Pokud nav\u0161t\u00edv\u00edte na\u0161i p\u0159ihla\u0161ovac\u00ed str\u00e1nku, nastav\u00edme do\u010dasn\u00fd soubor cookie, abychom zjistili, zda v\u00e1\u0161 prohl\u00ed\u017ee\u010d p\u0159ij\u00edm\u00e1 soubory cookie. Tento soubor cookie neobsahuje \u017e\u00e1dn\u00e9 osobn\u00ed \u00fadaje a po zav\u0159en\u00ed prohl\u00ed\u017ee\u010de je vy\u0159azen.<\/li>\n<li>Kdy\u017e se p\u0159ihl\u00e1s\u00edte, nastav\u00edme tak\u00e9 n\u011bkolik soubor\u016f cookie pro ulo\u017een\u00ed va\u0161ich p\u0159ihla\u0161ovac\u00edch \u00fadaj\u016f a va\u0161ich voleb zobrazen\u00ed obrazovky. P\u0159ihla\u0161ovac\u00ed soubory cookie vydr\u017e\u00ed dva dny a soubory cookie mo\u017enost\u00ed obrazovky vydr\u017e\u00ed rok. Pokud zvol\u00edte &#8222;Zapamatovat si m\u011b&#8220;, va\u0161e p\u0159ihl\u00e1\u0161en\u00ed bude trvat dva t\u00fddny. Pokud se odhl\u00e1s\u00edte ze sv\u00e9ho \u00fa\u010dtu, p\u0159ihla\u0161ovac\u00ed soubory cookie budou odstran\u011bny.<\/li>\n<li>Pokud uprav\u00edte nebo publikujete \u010dl\u00e1nek, ulo\u017e\u00ed se do va\u0161eho prohl\u00ed\u017ee\u010de dal\u0161\u00ed cookie. Tento soubor cookie neobsahuje \u017e\u00e1dn\u00e9 osobn\u00ed \u00fadaje a pouze ozna\u010duje ID p\u0159\u00edsp\u011bvku \u010dl\u00e1nku, kter\u00fd jste pr\u00e1v\u011b upravili. Jeho platnost vypr\u0161\u00ed po 1 dni.<\/li>\n<\/ul>\n<p>\u00a0<\/p>\n<p>Vlo\u017een\u00fd obsah z jin\u00fdch webov\u00fdch str\u00e1nek<\/p>\n<ul>\n<li>\u010cl\u00e1nky na tomto webu mohou obsahovat vlo\u017een\u00fd obsah (nap\u0159. videa, obr\u00e1zky, \u010dl\u00e1nky atd.). Vlo\u017een\u00fd obsah z jin\u00fdch webov\u00fdch str\u00e1nek se chov\u00e1 \u00fapln\u011b stejn\u011b, jako kdyby n\u00e1v\u0161t\u011bvn\u00edk nav\u0161t\u00edvil jinou webovou str\u00e1nku.<\/li>\n<li>Tyto webov\u00e9 str\u00e1nky mohou shroma\u017e\u010fovat \u00fadaje o v\u00e1s, pou\u017e\u00edvat soubory cookie, vkl\u00e1dat dal\u0161\u00ed sledov\u00e1n\u00ed t\u0159et\u00edch stran a monitorovat va\u0161i interakci s t\u00edmto vlo\u017een\u00fdm obsahem, v\u010detn\u011b sledov\u00e1n\u00ed va\u0161\u00ed interakce s vlo\u017een\u00fdm obsahem, pokud m\u00e1te \u00fa\u010det a jste na dan\u00e9 webov\u00e9 str\u00e1nce p\u0159ihl\u00e1\u0161eni.<\/li>\n<\/ul>\n<p>\u00a0<\/p>\n<p>S k\u00fdm sd\u00edl\u00edme va\u0161e \u00fadaje<\/p>\n<ul>\n<li>Pokud po\u017e\u00e1d\u00e1te o resetov\u00e1n\u00ed hesla, va\u0161e IP adresa bude zahrnuta v e-mailu pro resetov\u00e1n\u00ed.<\/li>\n<\/ul>\n<p>\u00a0<\/p>\n<p>Jak dlouho va\u0161e \u00fadaje uchov\u00e1v\u00e1me<\/p>\n<ul>\n<li>Pokud zanech\u00e1te koment\u00e1\u0159, bude koment\u00e1\u0159 a jeho metadata uchov\u00e1na po neomezenou dobu. Je to proto, abychom mohli rozpoznat a schv\u00e1lit jak\u00e9koli n\u00e1sledn\u00e9 koment\u00e1\u0159e automaticky, m\u00edsto abychom je dr\u017eeli ve front\u011b na moderov\u00e1n\u00ed.<\/li>\n<li>Pro u\u017eivatele, kte\u0159\u00ed se zaregistruj\u00ed na na\u0161ich webov\u00fdch str\u00e1nk\u00e1ch (pokud existuj\u00ed), ukl\u00e1d\u00e1me tak\u00e9 osobn\u00ed \u00fadaje, kter\u00e9 poskytuj\u00ed, v jejich u\u017eivatelsk\u00e9m profilu. V\u0161ichni u\u017eivatel\u00e9 mohou kdykoli zobrazit, upravit nebo smazat sv\u00e9 osobn\u00ed \u00fadaje (krom\u011b toho, \u017ee nemohou zm\u011bnit sv\u00e9 u\u017eivatelsk\u00e9 jm\u00e9no). Spr\u00e1vci webov\u00fdch str\u00e1nek mohou tyto informace tak\u00e9 zobrazit a upravovat.<\/li>\n<\/ul>\n<p>\u00a0<\/p>\n<p>Jak\u00e1 pr\u00e1va m\u00e1te nad sv\u00fdmi \u00fadaji<\/p>\n<ul>\n<li>Pokud m\u00e1te \u00fa\u010det na t\u00e9to str\u00e1nce nebo jste zanechali koment\u00e1\u0159e, m\u016f\u017eete po\u017e\u00e1dat o zasl\u00e1n\u00ed exportovan\u00e9ho souboru osobn\u00edch \u00fadaj\u016f, kter\u00e9 o v\u00e1s uchov\u00e1v\u00e1me, v\u010detn\u011b v\u0161ech \u00fadaj\u016f, kter\u00e9 jste n\u00e1m poskytli. M\u016f\u017eete tak\u00e9 po\u017e\u00e1dat, abychom vymazali ve\u0161ker\u00e9 osobn\u00ed \u00fadaje, kter\u00e9 o v\u00e1s uchov\u00e1v\u00e1me. To nezahrnuje \u017e\u00e1dn\u00e9 \u00fadaje, kter\u00e9 jsme povinni uchov\u00e1vat pro administrativn\u00ed, pr\u00e1vn\u00ed nebo bezpe\u010dnostn\u00ed \u00fa\u010dely.<\/li>\n<\/ul>\n<p>\u00a0<\/p>\n<p>Kam jsou va\u0161e data odes\u00edl\u00e1na<\/p>\n<ul>\n<li>Koment\u00e1\u0159e n\u00e1v\u0161t\u011bvn\u00edk\u016f mohou b\u00fdt kontrolov\u00e1ny prost\u0159ednictv\u00edm slu\u017eby automatick\u00e9 detekce spamu.<\/li>\n<\/ul>\n<p>\u00a0<\/p>\n<p>Odpov\u011bdn\u00e1 osoba<\/p>\n<ul>\n<li>Odpov\u011bdnou a opr\u00e1vn\u011bnou osobou je majitel spole\u010dnosti, kter\u00e1 je uvedena na webov\u00fdch str\u00e1nk\u00e1ch a je dr\u017eitelem I\u010cO podle platn\u00fdch pr\u00e1vn\u00edch p\u0159edpis\u016f \u010cesk\u00e9 republiky podnikaj\u00edc\u00ed fyzickou nebo pr\u00e1vnickou osobou.<\/li>\n<\/ul>\t\t\t\t\t\t\t\t<\/div>\n\t\t\t\t<\/div>\n\t\t\t\t\t<\/div>\n\t\t\t\t<\/div>\n\t\t\t\t<\/div>\n\t\t","protected":false},"excerpt":{"rendered":"<p>www.bau-izol.cz Webov\u00e9 str\u00e1nky respektuj\u00ed soulad s evropskou sm\u011brnic\u00ed o GDPR\u00a0 \u00a0 Koment\u00e1\u0159e Kdy\u017e n\u00e1v\u0161t\u011bvn\u00edci zanechaj\u00ed na webu koment\u00e1\u0159e, shroma\u017e\u010fujeme \u00fadaje zobrazen\u00e9 ve formul\u00e1\u0159i pro koment\u00e1\u0159e a tak\u00e9 IP adresu n\u00e1v\u0161t\u011bvn\u00edka a \u0159et\u011bzec u\u017eivatelsk\u00e9ho agenta prohl\u00ed\u017ee\u010de, abychom pomohli odhalit spam. Anonymizovan\u00fd \u0159et\u011bzec vytvo\u0159en\u00fd z va\u0161\u00ed e-mailov\u00e9 adresy (tak\u00e9 naz\u00fdvan\u00fd hash) m\u016f\u017ee b\u00fdt poskytnut slu\u017eb\u011b Gravatar, abyste zjistili, zda ji pou\u017e\u00edv\u00e1te. Z\u00e1sady ochrany osobn\u00edch \u00fadaj\u016f slu\u017eby Gravatar jsou k dispozici zde: https:\/\/automattic.com\/privacy\/. Po schv\u00e1len\u00ed va\u0161eho koment\u00e1\u0159e bude v\u00e1\u0161 profilov\u00fd obr\u00e1zek viditeln\u00fd pro ve\u0159ejnost v kontextu va\u0161eho koment\u00e1\u0159e. \u00a0 M\u00e9dia Pokud na web nahr\u00e1v\u00e1te obr\u00e1zky, m\u011bli byste se vyhnout nahr\u00e1v\u00e1n\u00ed obr\u00e1zk\u016f s vlo\u017een\u00fdmi \u00fadaji o poloze (EXIF GPS). N\u00e1v\u0161t\u011bvn\u00edci webu si mohou st\u00e1hnout a extrahovat jak\u00e1koli data o poloze z obr\u00e1zk\u016f na webu. \u00a0 Soubory cookie Pokud na na\u0161em webu zanech\u00e1te koment\u00e1\u0159, m\u016f\u017eete se p\u0159ihl\u00e1sit k ukl\u00e1d\u00e1n\u00ed sv\u00e9ho jm\u00e9na, e-mailov\u00e9 adresy a webu do soubor\u016f cookie. Jsou pro va\u0161e pohodl\u00ed, abyste nemuseli znovu vypl\u0148ovat sv\u00e9 \u00fadaje, kdy\u017e zanech\u00e1te dal\u0161\u00ed koment\u00e1\u0159. Tyto cookies vydr\u017e\u00ed jeden rok. Pokud nav\u0161t\u00edv\u00edte na\u0161i p\u0159ihla\u0161ovac\u00ed str\u00e1nku, nastav\u00edme do\u010dasn\u00fd soubor cookie, abychom zjistili, zda v\u00e1\u0161 prohl\u00ed\u017ee\u010d p\u0159ij\u00edm\u00e1 soubory cookie. Tento soubor cookie neobsahuje \u017e\u00e1dn\u00e9 osobn\u00ed \u00fadaje a po zav\u0159en\u00ed prohl\u00ed\u017ee\u010de je vy\u0159azen. Kdy\u017e se p\u0159ihl\u00e1s\u00edte, nastav\u00edme tak\u00e9 n\u011bkolik soubor\u016f cookie pro ulo\u017een\u00ed va\u0161ich p\u0159ihla\u0161ovac\u00edch \u00fadaj\u016f a va\u0161ich voleb zobrazen\u00ed obrazovky. P\u0159ihla\u0161ovac\u00ed soubory cookie vydr\u017e\u00ed dva dny a soubory cookie mo\u017enost\u00ed obrazovky vydr\u017e\u00ed rok. Pokud zvol\u00edte &#8222;Zapamatovat si m\u011b&#8220;, va\u0161e p\u0159ihl\u00e1\u0161en\u00ed bude trvat dva t\u00fddny. Pokud se odhl\u00e1s\u00edte ze sv\u00e9ho \u00fa\u010dtu, p\u0159ihla\u0161ovac\u00ed soubory cookie budou odstran\u011bny. Pokud uprav\u00edte nebo publikujete \u010dl\u00e1nek, ulo\u017e\u00ed se do va\u0161eho prohl\u00ed\u017ee\u010de dal\u0161\u00ed cookie. Tento soubor cookie neobsahuje \u017e\u00e1dn\u00e9 osobn\u00ed \u00fadaje a pouze ozna\u010duje ID p\u0159\u00edsp\u011bvku \u010dl\u00e1nku, kter\u00fd jste pr\u00e1v\u011b upravili. Jeho platnost vypr\u0161\u00ed po 1 dni. \u00a0 Vlo\u017een\u00fd obsah z jin\u00fdch webov\u00fdch str\u00e1nek \u010cl\u00e1nky na tomto webu mohou obsahovat vlo\u017een\u00fd obsah (nap\u0159. videa, obr\u00e1zky, \u010dl\u00e1nky atd.). Vlo\u017een\u00fd obsah z jin\u00fdch webov\u00fdch str\u00e1nek se chov\u00e1 \u00fapln\u011b stejn\u011b, jako kdyby n\u00e1v\u0161t\u011bvn\u00edk nav\u0161t\u00edvil jinou webovou str\u00e1nku. Tyto webov\u00e9 str\u00e1nky mohou shroma\u017e\u010fovat \u00fadaje o v\u00e1s, pou\u017e\u00edvat soubory cookie, vkl\u00e1dat dal\u0161\u00ed sledov\u00e1n\u00ed t\u0159et\u00edch stran a monitorovat va\u0161i interakci s t\u00edmto vlo\u017een\u00fdm obsahem, v\u010detn\u011b sledov\u00e1n\u00ed va\u0161\u00ed interakce s vlo\u017een\u00fdm obsahem, pokud m\u00e1te \u00fa\u010det a jste na dan\u00e9 webov\u00e9 str\u00e1nce p\u0159ihl\u00e1\u0161eni. \u00a0 S k\u00fdm sd\u00edl\u00edme va\u0161e \u00fadaje Pokud po\u017e\u00e1d\u00e1te o resetov\u00e1n\u00ed hesla, va\u0161e IP adresa bude zahrnuta v e-mailu pro resetov\u00e1n\u00ed. \u00a0 Jak dlouho va\u0161e \u00fadaje uchov\u00e1v\u00e1me Pokud zanech\u00e1te koment\u00e1\u0159, bude koment\u00e1\u0159 a jeho metadata uchov\u00e1na po neomezenou dobu. Je to proto, abychom mohli rozpoznat a schv\u00e1lit jak\u00e9koli n\u00e1sledn\u00e9 koment\u00e1\u0159e automaticky, m\u00edsto abychom je dr\u017eeli ve front\u011b na moderov\u00e1n\u00ed. Pro u\u017eivatele, kte\u0159\u00ed se zaregistruj\u00ed na na\u0161ich webov\u00fdch str\u00e1nk\u00e1ch (pokud existuj\u00ed), ukl\u00e1d\u00e1me tak\u00e9 osobn\u00ed \u00fadaje, kter\u00e9 poskytuj\u00ed, v jejich u\u017eivatelsk\u00e9m profilu. V\u0161ichni u\u017eivatel\u00e9 mohou kdykoli zobrazit, upravit nebo smazat sv\u00e9 osobn\u00ed \u00fadaje (krom\u011b toho, \u017ee nemohou zm\u011bnit sv\u00e9 u\u017eivatelsk\u00e9 jm\u00e9no). Spr\u00e1vci webov\u00fdch str\u00e1nek mohou tyto informace tak\u00e9 zobrazit a upravovat. \u00a0 Jak\u00e1 pr\u00e1va m\u00e1te nad sv\u00fdmi \u00fadaji Pokud m\u00e1te \u00fa\u010det na t\u00e9to str\u00e1nce nebo jste zanechali koment\u00e1\u0159e, m\u016f\u017eete po\u017e\u00e1dat o zasl\u00e1n\u00ed exportovan\u00e9ho souboru osobn\u00edch \u00fadaj\u016f, kter\u00e9 o v\u00e1s uchov\u00e1v\u00e1me, v\u010detn\u011b v\u0161ech \u00fadaj\u016f, kter\u00e9 jste n\u00e1m poskytli. M\u016f\u017eete tak\u00e9 po\u017e\u00e1dat, abychom vymazali ve\u0161ker\u00e9 osobn\u00ed \u00fadaje, kter\u00e9 o v\u00e1s uchov\u00e1v\u00e1me. To nezahrnuje \u017e\u00e1dn\u00e9 \u00fadaje, kter\u00e9 jsme povinni uchov\u00e1vat pro administrativn\u00ed, pr\u00e1vn\u00ed nebo bezpe\u010dnostn\u00ed \u00fa\u010dely. \u00a0 Kam jsou va\u0161e data odes\u00edl\u00e1na Koment\u00e1\u0159e n\u00e1v\u0161t\u011bvn\u00edk\u016f mohou b\u00fdt kontrolov\u00e1ny prost\u0159ednictv\u00edm slu\u017eby automatick\u00e9 detekce spamu. \u00a0 Odpov\u011bdn\u00e1 osoba Odpov\u011bdnou a opr\u00e1vn\u011bnou osobou je majitel spole\u010dnosti, kter\u00e1 je uvedena na webov\u00fdch str\u00e1nk\u00e1ch a je dr\u017eitelem I\u010cO podle platn\u00fdch pr\u00e1vn\u00edch p\u0159edpis\u016f \u010cesk\u00e9 republiky podnikaj\u00edc\u00ed fyzickou nebo pr\u00e1vnickou osobou.<\/p>\n","protected":false},"author":1,"featured_media":0,"parent":0,"menu_order":0,"comment_status":"closed","ping_status":"open","template":"","meta":{"_eb_attr":"","_kad_post_transparent":"","_kad_post_title":"","_kad_post_layout":"","_kad_post_sidebar_id":"","_kad_post_content_style":"","_kad_post_vertical_padding":"","_kad_post_feature":"","_kad_post_feature_position":"","_kad_post_header":false,"_kad_post_footer":false,"_kad_post_classname":"","footnotes":""},"class_list":["post-3","page","type-page","status-publish","hentry"],"_links":{"self":[{"href":"https:\/\/www.bau-izol.cz\/index.php?rest_route=\/wp\/v2\/pages\/3","targetHints":{"allow":["GET"]}}],"collection":[{"href":"https:\/\/www.bau-izol.cz\/index.php?rest_route=\/wp\/v2\/pages"}],"about":[{"href":"https:\/\/www.bau-izol.cz\/index.php?rest_route=\/wp\/v2\/types\/page"}],"author":[{"embeddable":true,"href":"https:\/\/www.bau-izol.cz\/index.php?rest_route=\/wp\/v2\/users\/1"}],"replies":[{"embeddable":true,"href":"https:\/\/www.bau-izol.cz\/index.php?rest_route=%2Fwp%2Fv2%2Fcomments&post=3"}],"version-history":[{"count":31,"href":"https:\/\/www.bau-izol.cz\/index.php?rest_route=\/wp\/v2\/pages\/3\/revisions"}],"predecessor-version":[{"id":885,"href":"https:\/\/www.bau-izol.cz\/index.php?rest_route=\/wp\/v2\/pages\/3\/revisions\/885"}],"wp:attachment":[{"href":"https:\/\/www.bau-izol.cz\/index.php?rest_route=%2Fwp%2Fv2%2Fmedia&parent=3"}],"curies":[{"name":"wp","href":"https:\/\/api.w.org\/{rel}","templated":true}]}}